{"id":94,"date":"2014-07-04T15:08:57","date_gmt":"2014-07-04T15:08:57","guid":{"rendered":"http:\/\/www.danielquiros.com\/?page_id=94"},"modified":"2022-12-06T23:05:07","modified_gmt":"2022-12-06T23:05:07","slug":"academicos","status":"publish","type":"page","link":"https:\/\/www.danielquiros.com\/?page_id=94","title":{"rendered":"Acad\u00e9micos\/Academic"},"content":{"rendered":"<p>1. <a href=\"http:\/\/www.danielquiros.com\/wp-content\/uploads\/Quiro\u0301sLitCri\u0301menesCR.pdf\">&#8220;M\u00e1s all\u00e1 de la paz: literatura de cr\u00edmenes en la Costa Rica contempor\u00e1nea&#8221;.&nbsp;<em>Memoria de cr\u00edmenes: Literatura, medios audiovisuales y testimonios<\/em>. Editor Gustavo Forero Quintero. Universidad de Antioquia, 2017.&nbsp;<\/a><\/p>\n<p>2.<a href=\"http:\/\/www.danielquiros.com\/wp-content\/uploads\/Quiro\u0301sCastellanosMoya.pdf\"> &#8220;&#8216;Este no es un pa\u00eds de escritores&#8217;:&nbsp;<em>El asco<\/em>, Thomas Bernhard y la literatura centroamericana en la \u00e9poca neoliberal&#8221;.&nbsp;<em>Horacio Castellanos Moya: El Diablo En El Espejo<\/em>. Editores Mar\u00eda del Carmen Ca\u00f1a Jim\u00e9nez y Vinodh Venkatesh. Albatros, 2016.<\/a><\/p>\n<p>3. <a title=\"Istmo, Daniel Quir\u00f3s\" href=\"http:\/\/istmo.denison.edu\/n29-30\/articulos\/03.html\" target=\"_blank\" rel=\"noopener noreferrer\">\u201cEl ni\u00f1o y la Historia: reflexiones sobre la relaci\u00f3n est\u00e9tico-pol\u00edtica de <i>Alsino y el c\u00f3ndor<\/i> a <i>El camino<\/i>\u201d. <i>Istmo<\/i> 29-30 (2014-15).<\/a><\/p>\n<p>4.&nbsp;<a title=\"Romance Notes, Daniel Quir\u00f3s\" href=\"http:\/\/www.danielquiros.com\/wp-content\/uploads\/Quiro\u0301sRomanceNotes.pdf\" target=\"_blank\" rel=\"noopener noreferrer\">\u201cDriving the City: Contesting Neoliberal Space in Managua, Salsa City.\u201d<em> Romance Notes<\/em> 54.1 (Spring 2014): 9-14.<\/a><\/p>\n<p>5.<a title=\"A Contracorriente, Daniel Quir\u00f3s\" href=\"http:\/\/www.danielquiros.com\/wp-content\/uploads\/La_epoca_esta_en_desorden_reflexiones_s.pdf\" target=\"_blank\" rel=\"noopener noreferrer\">\u201cLa \u00e9poca est\u00e1 en desorden\u201d: reflexiones sobre la temporalidad en Bolivia de Adri\u00e1n Caetano y La mujer sin cabeza de Lucrecia Martel.\u201d A Contracorriente 8.1 (Fall 2010): 230-258. <\/a><\/p>\n","protected":false},"excerpt":{"rendered":"<p>1. &#8220;M\u00e1s all\u00e1 de la paz: literatura de cr\u00edmenes en la Costa Rica contempor\u00e1nea&#8221;.&nbsp;Memoria de&#8230;<\/p>\n","protected":false},"author":2,"featured_media":0,"parent":0,"menu_order":0,"comment_status":"closed","ping_status":"closed","template":"","meta":[],"_links":{"self":[{"href":"https:\/\/www.danielquiros.com\/index.php?rest_route=\/wp\/v2\/pages\/94"}],"collection":[{"href":"https:\/\/www.danielquiros.com\/index.php?rest_route=\/wp\/v2\/pages"}],"about":[{"href":"https:\/\/www.danielquiros.com\/index.php?rest_route=\/wp\/v2\/types\/page"}],"author":[{"embeddable":true,"href":"https:\/\/www.danielquiros.com\/index.php?rest_route=\/wp\/v2\/users\/2"}],"replies":[{"embeddable":true,"href":"https:\/\/www.danielquiros.com\/index.php?rest_route=%2Fwp%2Fv2%2Fcomments&post=94"}],"version-history":[{"count":16,"href":"https:\/\/www.danielquiros.com\/index.php?rest_route=\/wp\/v2\/pages\/94\/revisions"}],"predecessor-version":[{"id":482,"href":"https:\/\/www.danielquiros.com\/index.php?rest_route=\/wp\/v2\/pages\/94\/revisions\/482"}],"wp:attachment":[{"href":"https:\/\/www.danielquiros.com\/index.php?rest_route=%2Fwp%2Fv2%2Fmedia&parent=94"}],"curies":[{"name":"wp","href":"https:\/\/api.w.org\/{rel}","templated":true}]}}