{"id":378,"date":"2020-09-05T13:57:22","date_gmt":"2020-09-05T13:57:22","guid":{"rendered":"http:\/\/www.danielquiros.com\/?page_id=378"},"modified":"2026-01-15T16:23:48","modified_gmt":"2026-01-15T16:23:48","slug":"inicio","status":"publish","type":"page","link":"https:\/\/www.danielquiros.com\/","title":{"rendered":"Inicio\/Home"},"content":{"rendered":"<p><a href=\"https:\/\/www.danielquiros.com\/wp-content\/uploads\/IMG_3785-scaled.jpg\"><img loading=\"lazy\" class=\"wp-image-497 size-medium alignleft\" src=\"https:\/\/www.danielquiros.com\/wp-content\/uploads\/IMG_3785-200x300.jpg\" alt=\"\" width=\"200\" height=\"300\" srcset=\"https:\/\/www.danielquiros.com\/wp-content\/uploads\/IMG_3785-200x300.jpg 200w, https:\/\/www.danielquiros.com\/wp-content\/uploads\/IMG_3785-683x1024.jpg 683w, https:\/\/www.danielquiros.com\/wp-content\/uploads\/IMG_3785-768x1152.jpg 768w, https:\/\/www.danielquiros.com\/wp-content\/uploads\/IMG_3785-1024x1536.jpg 1024w, https:\/\/www.danielquiros.com\/wp-content\/uploads\/IMG_3785-1365x2048.jpg 1365w, https:\/\/www.danielquiros.com\/wp-content\/uploads\/IMG_3785-scaled.jpg 1707w\" sizes=\"(max-width: 200px) 100vw, 200px\" \/><\/a><\/p>\n<p>Daniel Quir\u00f3s (San Jos\u00e9, Costa Rica, 1979) es doctor en literatura por la University of California San Diego, donde tambi\u00e9n complet\u00f3 una maestr\u00eda en estudios latinoamericanos. Su primera novela, <em>Verano rojo<\/em> (2010), gan\u00f3 el Premio Nacional de Literatura Aquileo J. Echeverr\u00eda y fue nombrada entre las 30 mejores publicaciones costarricenses de los \u00faltimos 30 a\u00f1os por la Academia Costarricense de la Lengua. Adem\u00e1s, ha publicado la colecci\u00f3n de cuentos <em>A los cuatro vientos<\/em> (2021\/2009) y las novelas <em>Lluvia del norte<\/em> (2014), <em>Mazunte<\/em> (2015), y m\u00e1s recientemente, <em>Vientos alisios <\/em>(2026); esta \u00faltima siendo la m\u00e1s reciente en una trilog\u00eda de novela negra o &#8220;tico noir&#8221; que comienza con <em>Verano rojo\u00a0<\/em>y\u00a0<em>Lluvia del norte<\/em>. Sus cuentos han aparecido en las antolog\u00edas <em>Asociaci\u00f3n Il\u00edcita: Relatos negros del r\u00edo Bravo a la Patagonia<\/em>,\u00a0<em>Lim\u00edtrofe: relatos<\/em> <em>continentales<\/em>, <em>Costa Rica 2050: Relatos de cambio<\/em>, <em>13 ficciones del pa\u00eds sin soldados<\/em>, y<em> El crimen tiene quien le escriba<\/em>. Tres de sus novelas han sido traducidas al franc\u00e9s por l\u2019Aube. Ha sido invitado a participar en eventos como el Quais du Polar, Toulouse Polars du Sud, Marathon des mots, la Semana Negra de Gij\u00f3n, la Feria Internacional del Libro en Guadalajara, Medell\u00edn Negro, y Centroam\u00e9rica Cuenta. Actualmente, trabaja como profesor en Lafayette College.<\/p>\n<p>Daniel Quir\u00f3s (San Jos\u00e9, Costa Rica, 1979) holds a PhD in Literature and an MA in Latin American Studies from the University of California San Diego. His first novel, <em>Verano rojo <\/em>(2010), was awarded the National Literature Prize Aquileo J. Echeverr\u00eda and was recently named one of the 30 best Costa Rican publications of the last 30 years by the Costa Rican Academy of Letters. He has also published the short story collection <em>A los cuatro vientos<\/em> (2021\/2009) and the novels <em>Lluvia del norte<\/em> (2014), <em>Mazunte<\/em> (2015), and most recently, <em>Vientos alisios<\/em> (2026). This latest novel\u00a0 is the third installment in a crime fiction trilogy, or &#8220;tico noir,&#8221; that began with <em>Verano rojo\u00a0<\/em>and\u00a0<em>Lluvia del norte<\/em>. His short stories have appeared in several anthologies: <em>Asociaci\u00f3n Il\u00edcita: Relatos negros del r\u00edo Bravo a la Patagonia<\/em>, <em>Lim\u00edtrofe: relatos<\/em> <em>continentales<\/em>, <em>Costa Rica 2050: relatos de cambio<\/em>, <em>13 ficciones del pa\u00eds sin soldados<\/em>, and<em> El crimen tiene quien le escriba<\/em>. Three of his novels have been translated into French by l\u2019Aube. He has also been invited to participate in literary festivals like the Quais du Polar, Toulouse Polars du Sud, Marathon des mots, Semana Negra de Gij\u00f3n, Feria Internacional del Libro Guadalajara, Medell\u00edn Negro, and Centroam\u00e9rica Cuenta. He currently teaches at Lafayette College.<\/p>\n","protected":false},"excerpt":{"rendered":"<p>Daniel Quir\u00f3s (San Jos\u00e9, Costa Rica, 1979) es doctor en literatura por la University of&#8230;<\/p>\n","protected":false},"author":2,"featured_media":494,"parent":0,"menu_order":0,"comment_status":"closed","ping_status":"closed","template":"","meta":[],"_links":{"self":[{"href":"https:\/\/www.danielquiros.com\/index.php?rest_route=\/wp\/v2\/pages\/378"}],"collection":[{"href":"https:\/\/www.danielquiros.com\/index.php?rest_route=\/wp\/v2\/pages"}],"about":[{"href":"https:\/\/www.danielquiros.com\/index.php?rest_route=\/wp\/v2\/types\/page"}],"author":[{"embeddable":true,"href":"https:\/\/www.danielquiros.com\/index.php?rest_route=\/wp\/v2\/users\/2"}],"replies":[{"embeddable":true,"href":"https:\/\/www.danielquiros.com\/index.php?rest_route=%2Fwp%2Fv2%2Fcomments&post=378"}],"version-history":[{"count":13,"href":"https:\/\/www.danielquiros.com\/index.php?rest_route=\/wp\/v2\/pages\/378\/revisions"}],"predecessor-version":[{"id":512,"href":"https:\/\/www.danielquiros.com\/index.php?rest_route=\/wp\/v2\/pages\/378\/revisions\/512"}],"wp:featuredmedia":[{"embeddable":true,"href":"https:\/\/www.danielquiros.com\/index.php?rest_route=\/wp\/v2\/media\/494"}],"wp:attachment":[{"href":"https:\/\/www.danielquiros.com\/index.php?rest_route=%2Fwp%2Fv2%2Fmedia&parent=378"}],"curies":[{"name":"wp","href":"https:\/\/api.w.org\/{rel}","templated":true}]}}