{"id":239,"date":"2015-08-15T19:55:27","date_gmt":"2015-08-15T19:55:27","guid":{"rendered":"http:\/\/www.danielquiros.com\/?page_id=239"},"modified":"2026-04-20T23:27:18","modified_gmt":"2026-04-20T23:27:18","slug":"prensa","status":"publish","type":"page","link":"https:\/\/www.danielquiros.com\/?page_id=239","title":{"rendered":"Prensa\/Press"},"content":{"rendered":"\n<div class=\"wp-block-file\"><a href=\"http:\/\/www.danielquiros.com\/wp-content\/uploads\/Di\u0301az-Eterovic-Verano-rojo-1.pdf\" class=\"wp-block-file__button wp-element-button\" download>Download<\/a><\/div>\n\n\n<p>Entrevistas\/Presentaciones\/Reconocimientos:<\/p>\n<p>1)\u00a0Entrevista sobre <em>Vientos alisios<\/em> para Agencia EFE. Muchas gracias a Douglas Mar\u00edn.<br \/><a href=\"https:\/\/share.google\/2ivZ2ISjPvbMd0RWx\">https:\/\/share.google\/2ivZ2ISjPvbMd0RWx<\/a><\/p>\n<p><a href=\"https:\/\/www.revistaeyn.com\/ocio\/daniel-quiros-busca-reflejar-la-costa-rica-actual-y-sus-problemas-en-nuevo-libro-AC30102233\">https:\/\/www.revistaeyn.com\/ocio\/daniel-quiros-busca-reflejar-la-costa-rica-actual-y-sus-problemas-en-nuevo-libro-AC30102233<\/a><\/p>\n<p>2) <em>Vientos alisios<\/em> en Telenoticias. Muchas gracias a Adri\u00e1n Mar\u00edn por el inter\u00e9s en la novela.\u00a0<\/p>\n<p><a href=\"https:\/\/www.linkedin.com\/posts\/daniel-quir%C3%B3s-b4827a1ab_muchas-gracias-a-adri%C3%A1n-mar%C3%ADn-y-teletica-activity-7447110574586494976-qePz?utm_source=share&amp;utm_medium=member_desktop&amp;rcm=ACoAADD7yOgB16n4aTF6stMWQQTVmw8CxYau6mE\">https:\/\/www.linkedin.com\/posts\/daniel-quir%C3%B3s-b4827a1ab_muchas-gracias-a-adri%C3%A1n-mar%C3%ADn-y-teletica-activity-7447110574586494976-qePz?utm_source=share&amp;utm_medium=member_desktop&amp;rcm=ACoAADD7yOgB16n4aTF6stMWQQTVmw8CxYau6mE<\/a><\/p>\n<p>3) Una nota de Esteban Krumm en Gamma Digital sobre la presentaci\u00f3n de <em>Vientos alisios<\/em>.<\/p>\n<p><a href=\"https:\/\/gammadigital.uia.ac.cr\/literatura-econoir-con-sello-costarricense\/\">https:\/\/gammadigital.uia.ac.cr\/literatura-econoir-con-sello-costarricense\/<\/a><\/p>\n<p>4) Verano<em> rojo<\/em> reconocida entre las 30 mejores publicaciones costarricenses de los \u00faltimos 30 a\u00f1os por la Academia Costarricense de la Lengua y el Centro Cultural de Espa\u00f1a:\u00a0<a href=\"http:\/\/ccecr.org\/evento\/30-aniversario-cce-letras-30-anos-30-escritores\/\">http:\/\/ccecr.org\/evento\/30-aniversario-cce-letras-30-anos-30-escritores\/<\/a><\/p>\n<p>5) Conversaci\u00f3n con Carlos Cort\u00e9s sobre mi colecci\u00f3n de cuentos <em>A los cuatro vientos<\/em>, publicada por Encino Ediciones en el 2021 con cuentos nuevos:<\/p>\n<p><a href=\"https:\/\/www.youtube.com\/watch?v=JlTxFKV2Vgk\">https:\/\/www.youtube.com\/watch?v=JlTxFKV2Vgk<\/a><\/p>\n<p>6) Mi novela <em>Verano rojo<\/em> (<em>\u00c9t\u00e9 rouge<\/em>) y Guanacaste en el programa franc\u00e9s\u00a0<em>Invitation au voyage<\/em>. \u00a1Muchas gracias a la directora Julie Delettre! 8 de diciembre 2021.<\/p>\n<p>7) <em>Lluvia del norte<\/em> (con Raquel Molina et al). Seminario Literatura Criminal en Centroam\u00e9rica. 28 de Mayo, 2021.<\/p>\n<p><iframe loading=\"lazy\" title=\"_Lluvia del norte_ de Daniel Quir\u00f3s\" width=\"940\" height=\"529\" src=\"https:\/\/www.youtube.com\/embed\/ZPhVxRMrzt4?feature=oembed\" frameborder=\"0\" allow=\"accelerometer; autoplay; clipboard-write; encrypted-media; gyroscope; picture-in-picture; web-share\" referrerpolicy=\"strict-origin-when-cross-origin\" allowfullscreen><\/iframe><\/p>\n<p>8) Entrevista con Juan Hern\u00e1ndez en <em>Hablemos de libros<\/em>. 26 de agosto, 2020.<\/p>\n<p><iframe loading=\"lazy\" title=\"Hablemos de libros con Daniel Quiros\" width=\"940\" height=\"529\" src=\"https:\/\/www.youtube.com\/embed\/6alxXZVHosg?feature=oembed\" frameborder=\"0\" allow=\"accelerometer; autoplay; clipboard-write; encrypted-media; gyroscope; picture-in-picture; web-share\" referrerpolicy=\"strict-origin-when-cross-origin\" allowfullscreen><\/iframe><\/p>\n<p>9) Conversatorio en <em>Autores en cuarentena<\/em> de Centroam\u00e9rica cuenta con Mariano Quir\u00f3s y Ver\u00f3nica R\u00edos Quesada. 31 de julio, 2020.<\/p>\n<p><iframe loading=\"lazy\" title=\"Autores en cuarentena #52 | Mariano Quir\u00f3s, Daniel Quir\u00f3s y Ver\u00f3nica R\u00edos (31.07.20)\" width=\"940\" height=\"529\" src=\"https:\/\/www.youtube.com\/embed\/CHwkc8MJSe8?feature=oembed\" frameborder=\"0\" allow=\"accelerometer; autoplay; clipboard-write; encrypted-media; gyroscope; picture-in-picture; web-share\" referrerpolicy=\"strict-origin-when-cross-origin\" allowfullscreen><\/iframe><\/p>\n<p>10) <em>Entrevista en &#8220;El simple arte de escuchar&#8221; con Marcos Caruso<\/em>\u00a0(Radio de la Ciudad, Argentina). 3 de agosto, 2019.<\/p>\n<audio class=\"wp-audio-shortcode\" id=\"audio-239-1\" preload=\"none\" style=\"width: 100%;\" controls=\"controls\"><source type=\"audio\/mpeg\" src=\"http:\/\/www.danielquiros.com\/wp-content\/uploads\/SimpleArtedeEscuchar-comp.mp3?_=1\" \/><a href=\"http:\/\/www.danielquiros.com\/wp-content\/uploads\/SimpleArtedeEscuchar-comp.mp3\">http:\/\/www.danielquiros.com\/wp-content\/uploads\/SimpleArtedeEscuchar-comp.mp3<\/a><\/audio>\n<p>11) Entrevista en <em>Letras Hispanas,\u00a0<\/em>Volumen 13, 2017.<br \/><a href=\"http:\/\/gato-docs.its.txstate.edu\/jcr:8f44146b-91ad-4fa7-bd7f-703eeced920e\/2018-03-08%20Entrevista.pdf\" target=\"_blank\" rel=\"noopener noreferrer\" data-saferedirecturl=\"https:\/\/www.google.com\/url?hl=en&amp;q=http:\/\/gato-docs.its.txstate.edu\/jcr:8f44146b-91ad-4fa7-bd7f-703eeced920e\/2018-03-08%2520Entrevista.pdf&amp;source=gmail&amp;ust=1532548134694000&amp;usg=AFQjCNFZ1IELGz_-Cr5yxdjTo4d4tlwp1A\">http:\/\/gato-docs.its.txstate.<wbr \/>edu\/jcr:8f44146b-91ad-4fa7-<wbr \/>bd7f-703eeced920e\/2018-03-08%<wbr \/>20Entrevista.pdf<\/a><\/p>\n<p><style type=\"text\/css\"><!--\np.p1 {margin: 0.0px 0.0px 0.0px 0.0px; font: 12.0px 'Times New Roman'; -webkit-text-stroke: #000000} p.p2 {margin: 0.0px 0.0px 0.0px 0.0px; font: 12.0px 'Times New Roman'; color: #0433ff; -webkit-text-stroke: #0433ff} span.s1 {font-kerning: none} span.s2 {text-decoration: underline ; font-kerning: none}\n--><\/style><\/p>\n<p>12) Entrevista con Marvin Coto en \u201cPistas sonoras\u201d (Radioemisoras UCR). 23 de setiembre, 2017.<br \/><a href=\"https:\/\/soundcloud.com\/radioemisorasucr\/pistas-sonoras-23092017?in=radioemisorasucr\/sets\/pistas-sonoras\">https:\/\/soundcloud.com\/radioemisorasucr\/pistas-sonoras-23092017?in=radioemisorasucr\/sets\/pistas-sonoras<\/a><\/p>\n<p><style type=\"text\/css\"><!--\np.p1 {margin: 0.0px 0.0px 5.0px 0.0px; font: 12.0px 'Times New Roman'; -webkit-text-stroke: #000000} p.p2 {margin: 0.0px 0.0px 5.0px 0.0px; font: 12.0px 'Times New Roman'; color: #0433ff; -webkit-text-stroke: #0433ff} span.s1 {font-kerning: none} span.s2 {text-decoration: underline ; font-kerning: none}\n--><\/style><\/p>\n<p>13) Entrevista con Jordi Batall\u00e9 en Radio France International. 26 de junio, 2017.<br \/><a href=\"http:\/\/es.rfi.fr\/cultura\/20170626-daniel-quiros-la-traduccion-de-su-novela-mazunte-publicada-en-francia\">http:\/\/es.rfi.fr\/cultura\/20170626-daniel-quiros-la-traduccion-de-su-novela-mazunte-publicada-en-francia<\/a><\/p>\n<p>14) \u201cLa noche del cazador\u201d (minutos 1:40-16:05). <i>Todos somos sospechosos<\/i>\/<i>Radio 3<\/i>. Laura Gonz\u00e1lez. 7 de agosto, 2015.<br \/><a href=\"http:\/\/www.rtve.es\/alacarta\/audios\/todos-somos-sospechosos\/todos-somos-sospechosos-noche-del-cazador-07-08-15\/3240698\/\" target=\"_blank\" rel=\"noopener noreferrer\">http:\/\/www.rtve.es\/alacarta\/audios\/todos-somos-sospechosos\/todos-somos-sospechosos-noche-del-cazador-07-08-15\/3240698\/<\/a><\/p>\n<p>15) <i>El Faro<\/i>. 3 de mayo, 2015.<br \/><a href=\"http:\/\/www.elfaro.net\/es\/201505\/el_agora\/16753\/En-Costa-Rica-existe-mucho-racismo-y-xenofobia-contra-nuestros-vecinos.htm\" target=\"_blank\" rel=\"noopener noreferrer\">http:\/\/www.elfaro.net\/es\/201505\/el_agora\/16753\/En-Costa-Rica-existe-mucho-racismo-y-xenofobia-contra-nuestros-vecinos.htm<\/a><\/p>\n<p><span style=\"text-decoration: underline;\">Rese\u00f1as:<\/span><\/p>\n<p>1)\u00a0<em>Mazunte\u00a0<\/em>en Le Monde:<br \/><a href=\"http:\/\/www.danielquiros.com\/wp-content\/uploads\/Mazunte-in-Le-Monde.pdf\" target=\"_blank\" rel=\"noopener noreferrer\">http:\/\/www.danielquiros.com\/wp-content\/uploads\/Mazunte-in-Le-Monde.pdf<\/a><\/p>\n<p>2) &#8220;Pluie Des Ombres&#8221;. <em>Passion Polar<\/em>. 12 de noviembre, 2015.<br \/><a href=\"http:\/\/www.passion-polar.com\/pluie-des-ombres-daniel-quiros\/\" target=\"_blank\" rel=\"noopener noreferrer\">http:\/\/www.passion-polar.com\/pluie-des-ombres-daniel-quiros\/<\/a><\/p>\n<p>3) &#8220;Mazunte&#8221;, reciente novela de Daniel Quir\u00f3s. Anacristina Rossi. <em>La Naci\u00f3n. <\/em>6 de septiembre, 2015. <a href=\"http:\/\/www.nacion.com\/ocio\/artes\/Ganadores-perdedores_0_1510448961.html\" target=\"_blank\" rel=\"noopener noreferrer\">http:\/\/www.nacion.com\/ocio\/artes\/Ganadores-perdedores_0_1510448961.html<\/a><\/p>\n<p>4) &#8220;Reflexiones de Mazunte&#8221;. Anacristina Rossi. <em>El Financiero<\/em>. 30 de agosto 2015.<br \/><a href=\"http:\/\/www.elfinancierocr.com\/estilos-de-vida\/Clase_Ejecutiva-Anacristina_Rossi-libros-Mazunte_0_800919904.html\" target=\"_blank\" rel=\"noopener noreferrer\">http:\/\/www.elfinancierocr.com\/estilos-de-vida\/Clase_Ejecutiva-Anacristina_Rossi-libros-Mazunte_0_800919904.html<\/a><\/p>\n<p>5) \u201cVerano rojo en Costa Rica\u201d. Ram\u00f3n D\u00edaz Eterovic. <i>Punto Final<\/i>. Junio 2015.<\/p>\n<p><a href=\"http:\/\/www.danielquiros.com\/wp-content\/uploads\/Di\u0301az-Eterovic-Verano-rojo-1.pdf\">Di\u0301az-Eterovic-Verano-rojo-1<\/a><\/p>\n<p>6) \u201c\u00c9t\u00e9 rouge de Daniel Quir\u00f3s: Polar politique pur jus et bien \u00e9crit\u201d. Bernard Poirette. <i>RTL<\/i>. 10 de mayo, 2015.<br \/><a href=\"http:\/\/www.rtl.fr\/culture\/tendances\/ete-rouge-de-daniel-quiros-polar-politique-pur-jus-et-bien-ecrit-7778292432\" target=\"_blank\" rel=\"noopener noreferrer\">http:\/\/www.rtl.fr\/culture\/tendances\/ete-rouge-de-daniel-quiros-polar-politique-pur-jus-et-bien-ecrit-7778292432<\/a><\/p>\n<p>7) \u201cDaniel Quir\u00f3s: \u00c9t\u00e9 rouge\u201d. <i>Zonelivre<\/i>. Pierre-Marc Panigoni. 5 de mayo, 2015.<br \/><a href=\"http:\/\/polar.zonelivre.fr\/daniel-quiros-ete-rouge\/\" target=\"_blank\" rel=\"noopener noreferrer\">http:\/\/polar.zonelivre.fr\/daniel-quiros-ete-rouge\/<\/a><\/p>\n<p>8) \u201c\u00c9t\u00e9 rouge: un premier roman en fran\u00e7ais\u201d. Louise Laurent. <i>Espa<\/i><i>\u00e7<\/i><i>es Latinos<\/i>. 28 de abril, 2015.<br \/><a href=\"http:\/\/www.espaces-latinos.org\/archives\/29926\" target=\"_blank\" rel=\"noopener noreferrer\">http:\/\/www.espaces-latinos.org\/archives\/29926<\/a><\/p>\n<p>9) \u201c\u00c9t\u00e9 rouge de Daniel Quir\u00f3s\u201d. <i>Collectif Polar<\/i>. 19 de abril, 2015.<br \/><a href=\"https:\/\/collectifpolar.wordpress.com\/2015\/04\/19\/ete-rouge-de-daniel-quiros\/\" target=\"_blank\" rel=\"noopener noreferrer\">https:\/\/collectifpolar.wordpress.com\/2015\/04\/19\/ete-rouge-de-daniel-quiros\/<\/a><\/p>\n<p>10) \u201c<i>Lluvia del norte<\/i>: un terreno movedizo\u201d. Ver\u00f3nica R\u00edos Quesada. <i>La Naci\u00f3n<\/i>. 19 de octubre, 2014.<br \/><a href=\"http:\/\/www.nacion.com\/ocio\/artes\/Lluvia-norte-terreno-movedizo_0_1446055422.html\" target=\"_blank\" rel=\"noopener noreferrer\">http:\/\/www.nacion.com\/ocio\/artes\/Lluvia-norte-terreno-movedizo_0_1446055422.html<\/a><\/p>\n<p><span style=\"text-decoration: underline;\">Art\u00edculos:<\/span><\/p>\n<p>1)\u00a0<i>Mazunte<\/i> mencionada en \u201cNarrativa en Costa Rica este 2015: Mil y una historias\u201d por \u00c1lvaro Rojas. <i>La Naci\u00f3n<\/i>. 20 de diciembre, 2015.<br \/><a href=\"http:\/\/www.nacion.com\/ocio\/artes\/Narrativa-Costa-Rica-Mil-historias_0_1531446853.html\" target=\"_blank\" rel=\"noopener noreferrer\">http:\/\/www.nacion.com\/ocio\/artes\/Narrativa-Costa-Rica-Mil-historias_0_1531446853.html<\/a><\/p>\n<p>2) Menci\u00f3n en \u201c\u00bfDe qu\u00e9 habla la novela negra en Costa Rica?\u201d por Fernando Chaves Espinach. <i>La Naci\u00f3n<\/i>. 23 de noviembre, 2015.<br \/><a href=\"http:\/\/www.nacion.com\/ocio\/literatura\/habla-novela-negra-Costa-Rica_0_1526047427.html\" target=\"_blank\" rel=\"noopener noreferrer\">http:\/\/www.nacion.com\/ocio\/literatura\/habla-novela-negra-Costa-Rica_0_1526047427.html<\/a><\/p>\n<p>3) \u201cNueva obra del autor Daniel Quir\u00f3s se aleja de la novela negra\u201d. <i>La Naci\u00f3n<\/i>. 22 de julio, 2015.<br \/><a href=\"http:\/\/www.nacion.com\/ocio\/artes\/Nueva-Daniel-Quiros-aleja-novela_0_1501249861.html\" target=\"_blank\" rel=\"noopener noreferrer\">http:\/\/www.nacion.com\/ocio\/artes\/Nueva-Daniel-Quiros-aleja-novela_0_1501249861.html<\/a><\/p>\n<p>4) \u201cPuro grupo: Prohibido el paso, cuatro conspiradores en la Semana Negra\u201d. <i>El Pa\u00eds<\/i>. 18 de julio, 2015.<\/p>\n<p>5) \u201cAutor tico Daniel Quir\u00f3s estar\u00e1 en el Festival Internacional de Novela Negra en Francia\u201d. <i>La Naci\u00f3n<\/i>. 17 de marzo, 2015.<br \/><a href=\"http:\/\/www.nacion.com\/ocio\/literatura\/Quiros-Festival-Internacional-Novela-Francia_0_1475852511.html\" target=\"_blank\" rel=\"noopener noreferrer\">http:\/\/www.nacion.com\/ocio\/literatura\/Quiros-Festival-Internacional-Novela-Francia_0_1475852511.html<\/a><\/p>\n<p>6) \u201cLa violencia en Latinoam\u00e9rica azota <i>A los cuatro vientos<\/i>\u201d. <i>La Naci\u00f3n<\/i>. 21 de julio, 2011.<br \/><a href=\"http:\/\/www.nacion.com\/ocio\/artes\/violencia-Latinoamerica-azota-vientos_0_1208879127.html\" target=\"_blank\" rel=\"noopener noreferrer\">http:\/\/www.nacion.com\/ocio\/artes\/violencia-Latinoamerica-azota-vientos_0_1208879127.html<\/a><\/p>\n<p><span style=\"text-decoration: underline;\">\u00a0<\/span><\/p>\n<p><style type=\"text\/css\"><!--\np.p1 {margin: 0.0px 0.0px 5.0px 0.0px; font: 12.0px 'Times New Roman'; -webkit-text-stroke: #000000} p.p2 {margin: 0.0px 0.0px 5.0px 0.0px; font: 12.0px 'Times New Roman'; color: #0433ff; -webkit-text-stroke: #0433ff} span.s1 {font-kerning: none} span.s2 {text-decoration: underline ; font-kerning: none}\n--><\/style><\/p>\n\n\n<figure class=\"wp-block-video\"><video controls src=\"blob:https:\/\/www.danielquiros.com\/c4604771-4f09-48f2-87be-faff7c1cacfa\"><\/video><\/figure>\n","protected":false},"excerpt":{"rendered":"<p>Entrevistas\/Presentaciones\/Reconocimientos: 1)\u00a0Entrevista sobre Vientos alisios para Agencia EFE. Muchas gracias a Douglas Mar\u00edn.https:\/\/share.google\/2ivZ2ISjPvbMd0RWx https:\/\/www.revistaeyn.com\/ocio\/daniel-quiros-busca-reflejar-la-costa-rica-actual-y-sus-problemas-en-nuevo-libro-AC30102233 2)&#8230;<\/p>\n","protected":false},"author":2,"featured_media":0,"parent":0,"menu_order":0,"comment_status":"closed","ping_status":"closed","template":"","meta":{"footnotes":""},"class_list":["post-239","page","type-page","status-publish","hentry"],"_links":{"self":[{"href":"https:\/\/www.danielquiros.com\/index.php?rest_route=\/wp\/v2\/pages\/239","targetHints":{"allow":["GET"]}}],"collection":[{"href":"https:\/\/www.danielquiros.com\/index.php?rest_route=\/wp\/v2\/pages"}],"about":[{"href":"https:\/\/www.danielquiros.com\/index.php?rest_route=\/wp\/v2\/types\/page"}],"author":[{"embeddable":true,"href":"https:\/\/www.danielquiros.com\/index.php?rest_route=\/wp\/v2\/users\/2"}],"replies":[{"embeddable":true,"href":"https:\/\/www.danielquiros.com\/index.php?rest_route=%2Fwp%2Fv2%2Fcomments&post=239"}],"version-history":[{"count":55,"href":"https:\/\/www.danielquiros.com\/index.php?rest_route=\/wp\/v2\/pages\/239\/revisions"}],"predecessor-version":[{"id":525,"href":"https:\/\/www.danielquiros.com\/index.php?rest_route=\/wp\/v2\/pages\/239\/revisions\/525"}],"wp:attachment":[{"href":"https:\/\/www.danielquiros.com\/index.php?rest_route=%2Fwp%2Fv2%2Fmedia&parent=239"}],"curies":[{"name":"wp","href":"https:\/\/api.w.org\/{rel}","templated":true}]}}