{"id":15,"date":"2014-04-08T14:13:27","date_gmt":"2014-04-08T14:13:27","guid":{"rendered":"http:\/\/www.danielquiros.com\/?page_id=15"},"modified":"2026-04-20T21:08:30","modified_gmt":"2026-04-20T21:08:30","slug":"works","status":"publish","type":"page","link":"https:\/\/www.danielquiros.com\/?page_id=15","title":{"rendered":"Libros\/Books"},"content":{"rendered":"\n<div class=\"wp-block-group\"><div class=\"wp-block-group__inner-container is-layout-flow wp-block-group-is-layout-flow\">\n<div class=\"wp-block-group\"><div class=\"wp-block-group__inner-container is-layout-flow wp-block-group-is-layout-flow\">\n<div class=\"wp-block-group\"><div class=\"wp-block-group__inner-container is-layout-flow wp-block-group-is-layout-flow\">\n<div class=\"wp-block-group\"><div class=\"wp-block-group__inner-container is-layout-flow wp-block-group-is-layout-flow\">\n<div class=\"wp-block-group\"><div class=\"wp-block-group__inner-container is-layout-flow wp-block-group-is-layout-flow\">\n<div class=\"wp-block-group\"><div class=\"wp-block-group__inner-container is-layout-flow wp-block-group-is-layout-flow\">\n<div class=\"tablewrapper\">\n<div id=\"col1\">\n<div class=\"photo\">\u00a0<\/div>\n<div class=\"photo\">\n<h2>Vientos alisios (2026)<\/h2>\n<p><a href=\"https:\/\/www.danielquiros.com\/wp-content\/uploads\/Vientos-alisios.jpg\"><img loading=\"lazy\" decoding=\"async\" class=\"alignnone size-medium wp-image-492\" src=\"https:\/\/www.danielquiros.com\/wp-content\/uploads\/Vientos-alisios-189x300.jpg\" alt=\"\" width=\"189\" height=\"300\" srcset=\"https:\/\/www.danielquiros.com\/wp-content\/uploads\/Vientos-alisios-189x300.jpg 189w, https:\/\/www.danielquiros.com\/wp-content\/uploads\/Vientos-alisios-647x1024.jpg 647w, https:\/\/www.danielquiros.com\/wp-content\/uploads\/Vientos-alisios-768x1216.jpg 768w, https:\/\/www.danielquiros.com\/wp-content\/uploads\/Vientos-alisios.jpg 895w\" sizes=\"auto, (max-width: 189px) 100vw, 189px\" \/><\/a><\/p>\n<p>Don Chepe, un exguerrillero desencantado, c\u00ednico, socarr\u00f3n, reconvertido en detective, es contratado por Alejandro Lomas para investigar la desaparici\u00f3n del bi\u00f3logo Jaime Morales; ambos son due\u00f1os de una consultora ambiental en Guanacaste, en la costa pac\u00edfica de Costa Rica, y se dedican a realizar estudios de impacto ambiental. En el \u00e1rea, Playa Almendros, zona de gran potencial tur\u00edstico y de ebullici\u00f3n constructora, evidencia el descontrol y la creciente amenaza al ecosistema. La investigaci\u00f3n llevar\u00e1 a don Chepe a descubrir una serie de secretos que parece que muchos conocen pero callan: helipuertos narco, pol\u00edticos corruptos, pi\u00f1eras que contaminan las aguas, as\u00ed como mega festivales de m\u00fasica electr\u00f3nica. En esta novela, el autor vuelve al g\u00e9nero de novela negra y, adem\u00e1s, rural, en donde la naturaleza se convierte en protagonista esencial de la trama. Liternatura, econoir o tico noir; en todo caso una buena historia y bien contada.\u00a0<\/p>\n<p><a href=\"https:\/\/www.penguinlibros.com\/mx\/novela-negra-misterio-y-thriller\/500808-libro-vientos-alisios-9786073869324\">Compre en Penguin Libros<\/a><\/p>\n<p><a href=\"https:\/\/www.amazon.com\/Vientos-alisios-Spanish-Daniel-Quir%C3%B3s-ebook\/dp\/B0GF9MRYJR\/ref=sr_1_1?crid=ZT2QYRJG9HBK&amp;dib=eyJ2IjoiMSJ9.WJdgUu9utgmuh3F9oRU8hODL7XExrrDikYVWeMHEK8bGjHj071QN20LucGBJIEps.tf4OIYuWyz88FbYKimLNbpebEtDNhThXJEc-vwJv2OA&amp;dib_tag=se&amp;keywords=quiro+vientos+alisios&amp;qid=1768324014&amp;sprefix=quiros+vientos+alisios%2Caps%2C144&amp;sr=8-1\">Compre en Amazon Kindle<\/a><\/p>\n<h2>\u00a0<\/h2>\n<h2>A los cuatro vientos (2021\/2009)<\/h2>\n<p><a href=\"http:\/\/www.danielquiros.com\/wp-content\/uploads\/A-los-cuatro-vientos-DQ-2-e1633531986890.jpg\"><img loading=\"lazy\" decoding=\"async\" class=\"alignnone size-medium wp-image-396\" src=\"http:\/\/www.danielquiros.com\/wp-content\/uploads\/A-los-cuatro-vientos-DQ-2-200x300.jpg\" alt=\"\" width=\"200\" height=\"300\" \/><\/a><\/p>\n<p style=\"text-align: left;\">Los cuentos de esta colecci\u00f3n toman lugar en distintas partes del continente americano: el sur de California, el norte de M\u00e9xico, Brasil y Costa Rica. Son de tem\u00e1ticas y estilos muy distintos: una reflexi\u00f3n existencialista; un cruce violento entre M\u00e9xico y California; un detective improvisado que investiga su primer caso; el robo de una cartera en Tijuana; la historia oscura de un viaje a Brasil; las aventuras de un robaperros y un fan\u00e1tico de heavy metal que quiere traer a Iron Maiden a Costa Rica. Las une algo del horror y la belleza de nuestro momento contempor\u00e1neo; encuentros y desencuentros entre la mal nombrada globalizaci\u00f3n.<\/p>\n<p><a href=\"http:\/\/www.danielquiros.com\/wp-content\/uploads\/DQ-Vuelo-de-I\u0301caro-Encino.pdf\">Lea <em>Vuelo de \u00cdcaro<\/em><\/a><br \/><a href=\"http:\/\/www.danielquiros.com\/wp-content\/uploads\/DQ-El-robaperros-Encino.pdf\">Lea\u00a0<em>El robaperros<\/em><\/a><br \/><a href=\"https:\/\/www.libreriainternacional.com\/a-los-cuatro-vientos-9789930581230.html\" target=\"_blank\" rel=\"noopener noreferrer\" data-saferedirecturl=\"https:\/\/www.google.com\/url?q=https:\/\/www.libreriainternacional.com\/a-los-cuatro-vientos-9789930581230.html&amp;source=gmail&amp;ust=1637850350984000&amp;usg=AOvVaw1rdWHuV9vjHT5-mJW7ENVo\">A LOS CUATRO VIENTOS (libreriainternacional.com)<\/a><\/p>\n<p>\u00a0<\/p>\n<\/div>\n<div>\u00a0<\/div>\n<div class=\"photo\"><span style=\"color: inherit; font-size: 1.95em; font-weight: 600;\">La disparue de Mazunte (2017)<\/span><\/div>\n<div>\u00a0<\/div>\n<\/div>\n<div id=\"col2\">\n<div class=\"description\">\n<p><a href=\"http:\/\/www.danielquiros.com\/wp-content\/uploads\/mazunte_fr.jpeg\"><img loading=\"lazy\" decoding=\"async\" class=\"size-medium wp-image-300 alignnone\" src=\"http:\/\/www.danielquiros.com\/wp-content\/uploads\/mazunte_fr-192x300.jpeg\" alt=\"mazunte_fr\" width=\"192\" height=\"300\" srcset=\"https:\/\/www.danielquiros.com\/wp-content\/uploads\/mazunte_fr-192x300.jpeg 192w, https:\/\/www.danielquiros.com\/wp-content\/uploads\/mazunte_fr.jpeg 256w\" sizes=\"auto, (max-width: 192px) 100vw, 192px\" \/><\/a><\/p>\n<p style=\"text-align: left;\">Traducci\u00f3n de <em>Mazunte<\/em> al franc\u00e9s publicada por l&#8217;Aube en el 2017. Traducida por: Roland Faye<\/p>\n<p><a href=\"http:\/\/www.editionsdelaube.fr\/catalogue\/ladisparuedemazunte\" target=\"_blank\" rel=\"noopener noreferrer\">La disparue de Mazunte: Editorial l&#8217;Aube<\/a><br \/><a href=\"https:\/\/www.amazon.fr\/disparue-Mazunte-Daniel-QUIROS-ebook\/dp\/B01NAYNCSW#reader_B01NAYNCSW\" target=\"_blank\" rel=\"noopener noreferrer\">Compre en Amazon Francia<\/a><\/p>\n<\/div>\n<div class=\"description\">\n<h2>\u00a0<\/h2>\n<h2>\u00a0<\/h2>\n<h2 style=\"text-align: left;\">Mazunte (2015)<\/h2>\n<p><a href=\"http:\/\/www.danielquiros.com\/wp-content\/uploads\/mazunte-portada.png\"><img loading=\"lazy\" decoding=\"async\" class=\"size-medium wp-image-257 alignleft\" src=\"http:\/\/www.danielquiros.com\/wp-content\/uploads\/mazunte-portada-202x300.png\" alt=\"mazunte-portada\" width=\"202\" height=\"300\" srcset=\"https:\/\/www.danielquiros.com\/wp-content\/uploads\/mazunte-portada-202x300.png 202w, https:\/\/www.danielquiros.com\/wp-content\/uploads\/mazunte-portada.png 270w\" sizes=\"auto, (max-width: 202px) 100vw, 202px\" \/><\/a><\/p>\n<p>\u00a0<\/p>\n<p>\u00a0<\/p>\n<p>\u00a0<\/p>\n<p style=\"text-align: left;\">Julio Flores debe volver a Costa Rica despu\u00e9s de diez a\u00f1os afuera. Su hermana ha desaparecido y es presumida muerta en un naufragio cerca de la costa de Mazunte, M\u00e9xico; Julio debe volver al pa\u00eds para encargarse de su herencia. Un a\u00f1o despu\u00e9s, Julio decide viajar a Mazunte para buscar a su hermana. La novela intercala estas dos historias y dos tiempos; dos mundos que empiezan a cuestionar la diferenciaci\u00f3n n\u00edtida entre sue\u00f1o y realidad, entre el presente y los inciertos dep\u00f3sitos de la memoria. Novela de regreso, de b\u00fasqueda y de lucha contra el olvido, Mazunte aspira a esa utop\u00eda imposible que llevamos en el inconsciente: la vida que queremos, que quisimos, pero que se desmorona ante lo que ya hemos escogido.<\/p>\n<p><a href=\"http:\/\/www.danielquiros.com\/wp-content\/uploads\/Mazunte-Cap1-2.pdf\" target=\"_blank\" rel=\"noopener noreferrer\">Lea los Cap\u00edtulos 1 y 2<br \/><\/a><a href=\"https:\/\/www.amazon.com\/Mazunte-Spanish-Daniel-Quir%C3%B3s-ebook\/dp\/B071FM5VJ9\/ref=sr_1_1?ie=UTF8&amp;qid=1506391284&amp;sr=8-1&amp;keywords=mazunte+daniel+quiros\" target=\"_blank\" rel=\"noopener noreferrer\">Compre en Amazon Kindle<br \/><\/a><\/p>\n<\/div>\n<div class=\"description\">\n<h2>\u00a0<\/h2>\n<h2>\u00a0<\/h2>\n<h2 style=\"text-align: left;\">Pluie des ombres (2015)<\/h2>\n<p><a href=\"http:\/\/www.danielquiros.com\/wp-content\/uploads\/pluie-des-ombres.jpeg\"><img loading=\"lazy\" decoding=\"async\" class=\"size-medium wp-image-278 alignleft\" src=\"http:\/\/www.danielquiros.com\/wp-content\/uploads\/pluie-des-ombres-192x300.jpeg\" alt=\"pluie-des-ombres\" width=\"192\" height=\"300\" srcset=\"https:\/\/www.danielquiros.com\/wp-content\/uploads\/pluie-des-ombres-192x300.jpeg 192w, https:\/\/www.danielquiros.com\/wp-content\/uploads\/pluie-des-ombres.jpeg 256w\" sizes=\"auto, (max-width: 192px) 100vw, 192px\" \/><\/a><\/p>\n<p>\u00a0<\/p>\n<p>\u00a0<\/p>\n<p>\u00a0<\/p>\n<p>Traducci\u00f3n de <em>Lluvia del norte<\/em> al franc\u00e9s publicada por l&#8217;Aube en el 2015. Traducida por: Roland Faye<\/p>\n<p><a title=\"Editorial l'Aube\" href=\"http:\/\/editionsdelaube.fr\/catalogue\/pluiedesombres\" target=\"_blank\" rel=\"noopener noreferrer\">Pluie des ombres: Editorial l&#8217;Aube<\/a><br \/><a title=\"Amazon Francia\" href=\"http:\/\/www.amazon.fr\/Pluie-ombres-Daniel-QUIROS-ebook\/dp\/B017H95U6A\/ref=sr_1_1?ie=UTF8&amp;qid=1447639157&amp;sr=8-1&amp;keywords=pluie+des+ombres\" target=\"_blank\" rel=\"noopener noreferrer\">Compre en Amazon Francia<\/a><\/p>\n<\/div>\n<div class=\"description\">\n<h2>\u00a0<\/h2>\n<h2>\u00a0<\/h2>\n<h2>\u00a0<\/h2>\n<h2>\u00a0<\/h2>\n<h2>\u00a0<\/h2>\n<h2 style=\"text-align: left;\">\u00c9t\u00e9 rouge (2014)<\/h2>\n<p><a href=\"http:\/\/www.danielquiros.com\/wp-content\/uploads\/E\u0301te\u0301-rouge-1-scaled.jpg\"><img loading=\"lazy\" decoding=\"async\" class=\"size-medium wp-image-351 alignleft\" src=\"http:\/\/www.danielquiros.com\/wp-content\/uploads\/E\u0301te\u0301-rouge-1-195x300.jpg\" alt=\"\" width=\"195\" height=\"300\" srcset=\"https:\/\/www.danielquiros.com\/wp-content\/uploads\/E\u0301te\u0301-rouge-1-195x300.jpg 195w, https:\/\/www.danielquiros.com\/wp-content\/uploads\/E\u0301te\u0301-rouge-1-666x1024.jpg 666w, https:\/\/www.danielquiros.com\/wp-content\/uploads\/E\u0301te\u0301-rouge-1-768x1181.jpg 768w, https:\/\/www.danielquiros.com\/wp-content\/uploads\/E\u0301te\u0301-rouge-1-999x1536.jpg 999w, https:\/\/www.danielquiros.com\/wp-content\/uploads\/E\u0301te\u0301-rouge-1-1331x2048.jpg 1331w, https:\/\/www.danielquiros.com\/wp-content\/uploads\/E\u0301te\u0301-rouge-1-scaled.jpg 1664w\" sizes=\"auto, (max-width: 195px) 100vw, 195px\" \/><\/a><\/p>\n<p>\u00a0<\/p>\n<p>\u00a0<\/p>\n<p>\u00a0<\/p>\n<p>Traducci\u00f3n de <em>Verano rojo<\/em> al franc\u00e9s publicada por l&#8217;Aube en el 2014. Traducida por: Roland Faye<\/p>\n<p><a title=\"Editorial l'Aube\" href=\"http:\/\/editionsdelaube.fr\/catalogue\/\u00e9t\u00e9rouge\" target=\"_blank\" rel=\"noopener noreferrer\">\u00c9t\u00e9 rouge: Editorial l&#8217;Aube<\/a><br \/><a title=\"Amazon Francia\" href=\"http:\/\/www.amazon.fr\/Et\u00e9-rouge-Daniel-Quiros\/dp\/2815910977\/ref=sr_1_4?ie=UTF8&amp;qid=1423333742&amp;sr=8-4&amp;keywords=ete+rouge\" target=\"_blank\" rel=\"noopener noreferrer\">Compre en Amazon Francia<\/a><\/p>\n<\/div>\n<div class=\"description\">\n<h2>\u00a0<\/h2>\n<h2>\u00a0<\/h2>\n<h2>\u00a0<\/h2>\n<h2>\u00a0<\/h2>\n<h2>Lluvia del norte (2014)<\/h2>\n<p><a href=\"http:\/\/www.danielquiros.com\/wp-content\/uploads\/Lluvia-del-norte_portada_1.jpg\"><img loading=\"lazy\" decoding=\"async\" class=\"alignleft\" src=\"http:\/\/www.danielquiros.com\/wp-content\/uploads\/Lluvia-del-norte_portada_1-192x300.jpg\" alt=\"Lluvia del norte_portada_1\" width=\"192\" height=\"300\" \/><\/a><\/p>\n<p>\u00a0<\/p>\n<p>\u00a0<\/p>\n<p>\u00a0<\/p>\n<p>Ha sido uno de los peor inviernos en Guanacaste. Lluvia y m\u00e1s lluvia. Una ma\u00f1ana, cerca del pueblo de Hern\u00e1ndez, aparece el cuerpo asesinado de Antonio Rivas, un nicarag\u00fcense indocumentado. Se encuentra droga alrededor del cuerpo y por la zona empieza a correr el rumor de que se trata de un ajuste de cuentas entre criminales. Sin embargo, la madre de Antonio sabe que su hijo no est\u00e1 metido en drogas, y contrata a don Chepe, ex-guerrillero y agente de seguros jubilado, para aclarar el crimen y encontrar al asesino. Concebida como un complemento tem\u00e1tico al \u00e1rido verano de Verano rojo, Lluvia del norte utiliza el g\u00e9nero negro como una manera de explorar la Costa Rica contempor\u00e1nea.\u00a0<\/p>\n<p>\u00a0<\/p>\n<p><a href=\"https:\/\/www.danielquiros.com\/wp-content\/uploads\/Quiro\u0301sLluviadelnorte-Capi\u0301tulo-1.pdf\">Lea el Cap\u00edtulo 1<\/a><br \/><a href=\"https:\/\/www.amazon.com\/Lluvia-norte-Spanish-Daniel-Quir%C3%B3s-ebook\/dp\/B01I9AN8YM\/ref=tmm_kin_swatch_0?_encoding=UTF8&amp;qid=&amp;sr=&amp;dpID=41XnjJY0vuL&amp;preST=_SY445_QL70_&amp;dpSrc=detail\" target=\"_blank\" rel=\"noopener noreferrer\">Compre en Amazon Kindle<\/a><\/p>\n<\/div>\n<div class=\"description\">\n<h2>\u00a0<\/h2>\n<h2>\u00a0<\/h2>\n<h2>Verano rojo (2010)<\/h2>\n<p><a href=\"http:\/\/www.danielquiros.com\/wp-content\/uploads\/Verano-rojo-portada-nueva.jpg\"><img loading=\"lazy\" decoding=\"async\" class=\"alignleft\" src=\"http:\/\/www.danielquiros.com\/wp-content\/uploads\/Verano-rojo-portada-nueva.jpg\" alt=\"VeranoRojo\" width=\"192\" height=\"300\" \/><\/a><\/p>\n<p>\u00a0<\/p>\n<p>\u00a0<\/p>\n<p>\u00a0<\/p>\n<p>Don Chepe, un ex-revolucionario desencantado, se muda al pueblo rural de Para\u00edso, Guanacaste, despu\u00e9s de trabajar como agente de seguros por muchos a\u00f1os en la capital. En una playa de la zona, aparece asesinada su amiga, Ilana Echeverri, y ante el desinter\u00e9s de las autoridades, don Chepe decide investigar el crimen. Mediante una serie de pistas laber\u00ednticas, entre tiroteos y palacios narco, don Chepe deber\u00e1 enfrentar el lado oscuro de una Costa Rica en que conviven la violencia y las playas id\u00edlicas. Anclada en el presente, la novela utiliza el caso de La Penca como inspiraci\u00f3n para explorar la historia nacional mientras que a la vez la re-imagina, cuestionando la diferenciaci\u00f3n n\u00edtida entre realidad y ficci\u00f3n. La novela fue galardonada con el Premio Nacional Aquileo J. Echeverr\u00eda en el 2010.<\/p>\n<p><a href=\"http:\/\/www.danielquiros.com\/wp-content\/uploads\/Verano-rojo-19.pdf\">Lea el Cap\u00edtulo 1<\/a><br \/><a title=\"Verano Rojo\" href=\"http:\/\/www.amazon.com\/Verano-rojo-Spanish-Daniel-Quir%C3%B3s-ebook\/dp\/B00WU7WEU0\/ref=sr_1_1_twi_kin_1?ie=UTF8&amp;qid=1447638301&amp;sr=8-1&amp;keywords=verano+rojo\" target=\"_blank\" rel=\"noopener noreferrer\">Compre en Amazon Kindle<\/a><\/p>\n<\/div>\n<div class=\"description\">\n<h2>\u00a0<\/h2>\n<h2>\u00a0<\/h2>\n<p>\u00a0<\/p>\n<\/div>\n<\/div>\n<\/div>\n<\/div><\/div>\n\n\n\n<p><\/p>\n<\/div><\/div>\n<\/div><\/div>\n<\/div><\/div>\n<\/div><\/div>\n<\/div><\/div>\n","protected":false},"excerpt":{"rendered":"<p>\u00a0 Vientos alisios (2026) Don Chepe, un exguerrillero desencantado, c\u00ednico, socarr\u00f3n, reconvertido en detective, es&#8230;<\/p>\n","protected":false},"author":2,"featured_media":0,"parent":0,"menu_order":0,"comment_status":"closed","ping_status":"closed","template":"","meta":{"footnotes":""},"class_list":["post-15","page","type-page","status-publish","hentry"],"_links":{"self":[{"href":"https:\/\/www.danielquiros.com\/index.php?rest_route=\/wp\/v2\/pages\/15","targetHints":{"allow":["GET"]}}],"collection":[{"href":"https:\/\/www.danielquiros.com\/index.php?rest_route=\/wp\/v2\/pages"}],"about":[{"href":"https:\/\/www.danielquiros.com\/index.php?rest_route=\/wp\/v2\/types\/page"}],"author":[{"embeddable":true,"href":"https:\/\/www.danielquiros.com\/index.php?rest_route=\/wp\/v2\/users\/2"}],"replies":[{"embeddable":true,"href":"https:\/\/www.danielquiros.com\/index.php?rest_route=%2Fwp%2Fv2%2Fcomments&post=15"}],"version-history":[{"count":100,"href":"https:\/\/www.danielquiros.com\/index.php?rest_route=\/wp\/v2\/pages\/15\/revisions"}],"predecessor-version":[{"id":519,"href":"https:\/\/www.danielquiros.com\/index.php?rest_route=\/wp\/v2\/pages\/15\/revisions\/519"}],"wp:attachment":[{"href":"https:\/\/www.danielquiros.com\/index.php?rest_route=%2Fwp%2Fv2%2Fmedia&parent=15"}],"curies":[{"name":"wp","href":"https:\/\/api.w.org\/{rel}","templated":true}]}}